{"id":53,"date":"2022-05-18T22:30:23","date_gmt":"2022-05-18T22:30:23","guid":{"rendered":"https:\/\/ciudadcreativa.cl\/?page_id=53"},"modified":"2025-02-20T00:28:36","modified_gmt":"2025-02-20T00:28:36","slug":"arquitectura","status":"publish","type":"page","link":"https:\/\/ciudadcreativa.cl\/index.php\/arquitectura\/","title":{"rendered":"Arquitectura"},"content":{"rendered":"\n<p>Ciudad Creativa desde su fundaci\u00f3n ha atendido cientos de clientes particulares y corporativos, asesor\u00e1ndolos en sus diversas necesidades, desde obras menores hasta proyectos m\u00e1s complejos, especializ\u00e1ndonos en:<\/p>\n\n\n\n<ul class=\"wp-block-list\">\n<li>Proyectos de arquitectura<\/li>\n\n\n\n<li>Proyectos de estructura<\/li>\n\n\n\n<li>Proyectos sanitarios (agua potable, alcantarillado)<\/li>\n\n\n\n<li>Proyectos el\u00e9ctricos<\/li>\n\n\n\n<li>Proyectos de gas<\/li>\n\n\n\n<li>Tramitaci\u00f3n de Permisos:\n<ol class=\"wp-block-list\">\n<li>De obra nueva<\/li>\n\n\n\n<li>De obra menor<\/li>\n\n\n\n<li>De ampliaci\u00f3n<\/li>\n\n\n\n<li>De cambio de destino<\/li>\n\n\n\n<li>De alteraci\u00f3n<\/li>\n\n\n\n<li>De subdivisi\u00f3n<\/li>\n\n\n\n<li>De fusi\u00f3n<\/li>\n\n\n\n<li>De Copropiedad<\/li>\n\n\n\n<li>Autorizaciones sanitarias ante la Seremi de Salud<\/li>\n<\/ol>\n<\/li>\n\n\n\n<li>Tramitaci\u00f3n de recepciones finales<\/li>\n\n\n\n<li>Inspecciones y supervisiones t\u00e9cnicas de obras ejecutadas o en ejecuci\u00f3n.<\/li>\n\n\n\n<li>Construcci\u00f3n y remodelaci\u00f3n.<\/li>\n<\/ul>\n\n\n\n<p>Ciudad Creativa cuenta con profesionales, t\u00e9cnicos y personal capacitado para dise\u00f1ar, tramitar permisos o ejecutar las obras que sus clientes les encarguen. Al preferir a Ciudad Creativa, usted estar\u00e1 optando por un servicio profesional de gran nivel y experiencia.<\/p>\n","protected":false},"excerpt":{"rendered":"<p>Ciudad Creativa desde su fundaci\u00f3n ha atendido cientos de clientes particulares y corporativos, asesor\u00e1ndolos en sus diversas necesidades, desde obras menores hasta [&hellip;]<\/p>\n","protected":false},"author":1,"featured_media":147,"parent":0,"menu_order":0,"comment_status":"closed","ping_status":"closed","template":"","meta":{"footnotes":""},"class_list":{"0":"post-53","1":"page","2":"type-page","3":"status-publish","4":"has-post-thumbnail","6":"col-md-12"},"yoast_head":"<!-- This site is optimized with the Yoast SEO plugin v24.1 - https:\/\/yoast.com\/wordpress\/plugins\/seo\/ -->\n<title>Arquitectura - Ciudad Creativa<\/title>\n<meta name=\"robots\" content=\"index, follow, max-snippet:-1, max-image-preview:large, max-video-preview:-1\" \/>\n<link rel=\"canonical\" href=\"https:\/\/ciudadcreativa.cl\/index.php\/arquitectura\/\" \/>\n<meta property=\"og:locale\" content=\"es_ES\" \/>\n<meta property=\"og:type\" content=\"article\" \/>\n<meta property=\"og:title\" content=\"Arquitectura - Ciudad Creativa\" \/>\n<meta property=\"og:description\" content=\"Ciudad Creativa desde su fundaci\u00f3n ha atendido cientos de clientes particulares y corporativos, asesor\u00e1ndolos en sus diversas necesidades, desde obras menores hasta [&hellip;]\" \/>\n<meta property=\"og:url\" content=\"https:\/\/ciudadcreativa.cl\/index.php\/arquitectura\/\" \/>\n<meta property=\"og:site_name\" content=\"Ciudad Creativa\" \/>\n<meta property=\"article:modified_time\" content=\"2025-02-20T00:28:36+00:00\" \/>\n<meta property=\"og:image\" content=\"https:\/\/ciudadcreativa.cl\/wp-content\/uploads\/2022\/05\/blueprint-964629_1280.jpg\" \/>\n\t<meta property=\"og:image:width\" content=\"1280\" \/>\n\t<meta property=\"og:image:height\" content=\"853\" \/>\n\t<meta property=\"og:image:type\" content=\"image\/jpeg\" \/>\n<meta name=\"twitter:card\" content=\"summary_large_image\" \/>\n<meta name=\"twitter:label1\" content=\"Tiempo estimado de lectura\" \/>\n\t<meta name=\"twitter:data1\" content=\"1 minuto\" \/>\n<script type=\"application\/ld+json\" class=\"yoast-schema-graph\">{\"@context\":\"https:\/\/schema.org\",\"@graph\":[{\"@type\":\"WebPage\",\"@id\":\"https:\/\/ciudadcreativa.cl\/index.php\/arquitectura\/\",\"url\":\"https:\/\/ciudadcreativa.cl\/index.php\/arquitectura\/\",\"name\":\"Arquitectura - Ciudad Creativa\",\"isPartOf\":{\"@id\":\"https:\/\/ciudadcreativa.cl\/#website\"},\"primaryImageOfPage\":{\"@id\":\"https:\/\/ciudadcreativa.cl\/index.php\/arquitectura\/#primaryimage\"},\"image\":{\"@id\":\"https:\/\/ciudadcreativa.cl\/index.php\/arquitectura\/#primaryimage\"},\"thumbnailUrl\":\"https:\/\/ciudadcreativa.cl\/wp-content\/uploads\/2022\/05\/blueprint-964629_1280.jpg\",\"datePublished\":\"2022-05-18T22:30:23+00:00\",\"dateModified\":\"2025-02-20T00:28:36+00:00\",\"breadcrumb\":{\"@id\":\"https:\/\/ciudadcreativa.cl\/index.php\/arquitectura\/#breadcrumb\"},\"inLanguage\":\"es-CL\",\"potentialAction\":[{\"@type\":\"ReadAction\",\"target\":[\"https:\/\/ciudadcreativa.cl\/index.php\/arquitectura\/\"]}]},{\"@type\":\"ImageObject\",\"inLanguage\":\"es-CL\",\"@id\":\"https:\/\/ciudadcreativa.cl\/index.php\/arquitectura\/#primaryimage\",\"url\":\"https:\/\/ciudadcreativa.cl\/wp-content\/uploads\/2022\/05\/blueprint-964629_1280.jpg\",\"contentUrl\":\"https:\/\/ciudadcreativa.cl\/wp-content\/uploads\/2022\/05\/blueprint-964629_1280.jpg\",\"width\":1280,\"height\":853},{\"@type\":\"BreadcrumbList\",\"@id\":\"https:\/\/ciudadcreativa.cl\/index.php\/arquitectura\/#breadcrumb\",\"itemListElement\":[{\"@type\":\"ListItem\",\"position\":1,\"name\":\"Portada\",\"item\":\"https:\/\/ciudadcreativa.cl\/\"},{\"@type\":\"ListItem\",\"position\":2,\"name\":\"Arquitectura\"}]},{\"@type\":\"WebSite\",\"@id\":\"https:\/\/ciudadcreativa.cl\/#website\",\"url\":\"https:\/\/ciudadcreativa.cl\/\",\"name\":\"Ciudad Creativa\",\"description\":\"Administraci\u00f3n de edificios, arquitectura y gesti\u00f3n de propiedades\",\"publisher\":{\"@id\":\"https:\/\/ciudadcreativa.cl\/#organization\"},\"potentialAction\":[{\"@type\":\"SearchAction\",\"target\":{\"@type\":\"EntryPoint\",\"urlTemplate\":\"https:\/\/ciudadcreativa.cl\/?s={search_term_string}\"},\"query-input\":{\"@type\":\"PropertyValueSpecification\",\"valueRequired\":true,\"valueName\":\"search_term_string\"}}],\"inLanguage\":\"es-CL\"},{\"@type\":\"Organization\",\"@id\":\"https:\/\/ciudadcreativa.cl\/#organization\",\"name\":\"Ciudad Creativa\",\"url\":\"https:\/\/ciudadcreativa.cl\/\",\"logo\":{\"@type\":\"ImageObject\",\"inLanguage\":\"es-CL\",\"@id\":\"https:\/\/ciudadcreativa.cl\/#\/schema\/logo\/image\/\",\"url\":\"https:\/\/ciudadcreativa.cl\/wp-content\/uploads\/2022\/05\/cropped-logo-solo.png\",\"contentUrl\":\"https:\/\/ciudadcreativa.cl\/wp-content\/uploads\/2022\/05\/cropped-logo-solo.png\",\"width\":623,\"height\":411,\"caption\":\"Ciudad Creativa\"},\"image\":{\"@id\":\"https:\/\/ciudadcreativa.cl\/#\/schema\/logo\/image\/\"}}]}<\/script>\n<!-- \/ Yoast SEO plugin. -->","yoast_head_json":{"title":"Arquitectura - Ciudad Creativa","robots":{"index":"index","follow":"follow","max-snippet":"max-snippet:-1","max-image-preview":"max-image-preview:large","max-video-preview":"max-video-preview:-1"},"canonical":"https:\/\/ciudadcreativa.cl\/index.php\/arquitectura\/","og_locale":"es_ES","og_type":"article","og_title":"Arquitectura - Ciudad Creativa","og_description":"Ciudad Creativa desde su fundaci\u00f3n ha atendido cientos de clientes particulares y corporativos, asesor\u00e1ndolos en sus diversas necesidades, desde obras menores hasta [&hellip;]","og_url":"https:\/\/ciudadcreativa.cl\/index.php\/arquitectura\/","og_site_name":"Ciudad Creativa","article_modified_time":"2025-02-20T00:28:36+00:00","og_image":[{"width":1280,"height":853,"url":"https:\/\/ciudadcreativa.cl\/wp-content\/uploads\/2022\/05\/blueprint-964629_1280.jpg","type":"image\/jpeg"}],"twitter_card":"summary_large_image","twitter_misc":{"Tiempo estimado de lectura":"1 minuto"},"schema":{"@context":"https:\/\/schema.org","@graph":[{"@type":"WebPage","@id":"https:\/\/ciudadcreativa.cl\/index.php\/arquitectura\/","url":"https:\/\/ciudadcreativa.cl\/index.php\/arquitectura\/","name":"Arquitectura - Ciudad Creativa","isPartOf":{"@id":"https:\/\/ciudadcreativa.cl\/#website"},"primaryImageOfPage":{"@id":"https:\/\/ciudadcreativa.cl\/index.php\/arquitectura\/#primaryimage"},"image":{"@id":"https:\/\/ciudadcreativa.cl\/index.php\/arquitectura\/#primaryimage"},"thumbnailUrl":"https:\/\/ciudadcreativa.cl\/wp-content\/uploads\/2022\/05\/blueprint-964629_1280.jpg","datePublished":"2022-05-18T22:30:23+00:00","dateModified":"2025-02-20T00:28:36+00:00","breadcrumb":{"@id":"https:\/\/ciudadcreativa.cl\/index.php\/arquitectura\/#breadcrumb"},"inLanguage":"es-CL","potentialAction":[{"@type":"ReadAction","target":["https:\/\/ciudadcreativa.cl\/index.php\/arquitectura\/"]}]},{"@type":"ImageObject","inLanguage":"es-CL","@id":"https:\/\/ciudadcreativa.cl\/index.php\/arquitectura\/#primaryimage","url":"https:\/\/ciudadcreativa.cl\/wp-content\/uploads\/2022\/05\/blueprint-964629_1280.jpg","contentUrl":"https:\/\/ciudadcreativa.cl\/wp-content\/uploads\/2022\/05\/blueprint-964629_1280.jpg","width":1280,"height":853},{"@type":"BreadcrumbList","@id":"https:\/\/ciudadcreativa.cl\/index.php\/arquitectura\/#breadcrumb","itemListElement":[{"@type":"ListItem","position":1,"name":"Portada","item":"https:\/\/ciudadcreativa.cl\/"},{"@type":"ListItem","position":2,"name":"Arquitectura"}]},{"@type":"WebSite","@id":"https:\/\/ciudadcreativa.cl\/#website","url":"https:\/\/ciudadcreativa.cl\/","name":"Ciudad Creativa","description":"Administraci\u00f3n de edificios, arquitectura y gesti\u00f3n de propiedades","publisher":{"@id":"https:\/\/ciudadcreativa.cl\/#organization"},"potentialAction":[{"@type":"SearchAction","target":{"@type":"EntryPoint","urlTemplate":"https:\/\/ciudadcreativa.cl\/?s={search_term_string}"},"query-input":{"@type":"PropertyValueSpecification","valueRequired":true,"valueName":"search_term_string"}}],"inLanguage":"es-CL"},{"@type":"Organization","@id":"https:\/\/ciudadcreativa.cl\/#organization","name":"Ciudad Creativa","url":"https:\/\/ciudadcreativa.cl\/","logo":{"@type":"ImageObject","inLanguage":"es-CL","@id":"https:\/\/ciudadcreativa.cl\/#\/schema\/logo\/image\/","url":"https:\/\/ciudadcreativa.cl\/wp-content\/uploads\/2022\/05\/cropped-logo-solo.png","contentUrl":"https:\/\/ciudadcreativa.cl\/wp-content\/uploads\/2022\/05\/cropped-logo-solo.png","width":623,"height":411,"caption":"Ciudad Creativa"},"image":{"@id":"https:\/\/ciudadcreativa.cl\/#\/schema\/logo\/image\/"}}]}},"_links":{"self":[{"href":"https:\/\/ciudadcreativa.cl\/index.php\/wp-json\/wp\/v2\/pages\/53","targetHints":{"allow":["GET"]}}],"collection":[{"href":"https:\/\/ciudadcreativa.cl\/index.php\/wp-json\/wp\/v2\/pages"}],"about":[{"href":"https:\/\/ciudadcreativa.cl\/index.php\/wp-json\/wp\/v2\/types\/page"}],"author":[{"embeddable":true,"href":"https:\/\/ciudadcreativa.cl\/index.php\/wp-json\/wp\/v2\/users\/1"}],"replies":[{"embeddable":true,"href":"https:\/\/ciudadcreativa.cl\/index.php\/wp-json\/wp\/v2\/comments?post=53"}],"version-history":[{"count":4,"href":"https:\/\/ciudadcreativa.cl\/index.php\/wp-json\/wp\/v2\/pages\/53\/revisions"}],"predecessor-version":[{"id":273,"href":"https:\/\/ciudadcreativa.cl\/index.php\/wp-json\/wp\/v2\/pages\/53\/revisions\/273"}],"wp:featuredmedia":[{"embeddable":true,"href":"https:\/\/ciudadcreativa.cl\/index.php\/wp-json\/wp\/v2\/media\/147"}],"wp:attachment":[{"href":"https:\/\/ciudadcreativa.cl\/index.php\/wp-json\/wp\/v2\/media?parent=53"}],"curies":[{"name":"wp","href":"https:\/\/api.w.org\/{rel}","templated":true}]}}